{"id":37834,"date":"2015-04-23T12:57:21","date_gmt":"2015-04-23T15:57:21","guid":{"rendered":"http:\/\/34.201.67.89\/termos-e-condicoes\/"},"modified":"2015-04-23T12:57:21","modified_gmt":"2015-04-23T15:57:21","slug":"termos-e-condicoes","status":"publish","type":"page","link":"http:\/\/3.212.241.210\/pt-br\/termos-e-condicoes\/","title":{"rendered":"Termos e Condi\u00e7\u00f5es"},"content":{"rendered":"<p>Esta Pol\u00edtica de Privacidade rege a maneira pela qual o Casa Magic Orlando coleta, usa, mant\u00e9m e divulga informa\u00e7\u00f5es coletadas de usu\u00e1rios (cada um, um \u201cUsu\u00e1rio\u201d) do site http:\/\/wprentals.org\/ (\u201cSite\u201d). Esta pol\u00edtica de privacidade se aplica ao Site e a todos os produtos e servi\u00e7os oferecidos pelo Casa Magic Orlando.<\/p>\n<p><b>Informa\u00e7\u00f5es de identifica\u00e7\u00e3o pessoal<\/b><\/p>\n<p>Podemos coletar informa\u00e7\u00f5es de identifica\u00e7\u00e3o pessoal dos Usu\u00e1rios de diversas maneiras em conex\u00e3o com atividades, servi\u00e7os, recursos ou recursos que disponibilizamos em nosso Site. Os Usu\u00e1rios podem visitar nosso Site anonimamente. Coletaremos informa\u00e7\u00f5es de identifica\u00e7\u00e3o pessoal dos Usu\u00e1rios somente se eles nos enviarem tais informa\u00e7\u00f5es voluntariamente. Os usu\u00e1rios sempre podem recusar-se a fornecer informa\u00e7\u00f5es de identifica\u00e7\u00e3o pessoal, exceto que isso possa impedi-los de se envolver em determinadas atividades relacionadas ao Site.<\/p>\n<p><b>Informa\u00e7\u00f5es de identifica\u00e7\u00e3o n\u00e3o pessoal<\/b><\/p>\n<p>Poderemos coletar informa\u00e7\u00f5es de identifica\u00e7\u00e3o n\u00e3o pessoais sobre os Usu\u00e1rios sempre que eles interagirem com nosso Site. As informa\u00e7\u00f5es de identifica\u00e7\u00e3o n\u00e3o pessoais podem incluir o nome do navegador, o tipo de computador e informa\u00e7\u00f5es t\u00e9cnicas sobre os meios de conex\u00e3o dos Usu\u00e1rios ao nosso Site, como o sistema operacional e os provedores de servi\u00e7os de Internet utilizados e outras informa\u00e7\u00f5es semelhantes.<\/p>\n<p><b>Cookies do navegador da Web<\/b><\/p>\n<p>Nosso Site pode usar \u201ccookies\u201d para melhorar a experi\u00eancia do Usu\u00e1rio. O navegador do usu\u00e1rio coloca cookies em seu disco r\u00edgido para fins de manuten\u00e7\u00e3o de registros e, \u00e0s vezes, para rastrear informa\u00e7\u00f5es sobre eles. O usu\u00e1rio pode optar por configurar seu navegador para recusar cookies ou para alert\u00e1-lo quando cookies estiverem sendo enviados. Se o fizerem, observe que algumas partes do Site podem n\u00e3o funcionar corretamente.<\/p>\n<p><b>Como protegemos suas informa\u00e7\u00f5es<\/b><\/p>\n<p>Adotamos pr\u00e1ticas adequadas de coleta, armazenamento e processamento de dados e medidas de seguran\u00e7a para proteger contra acesso n\u00e3o autorizado, altera\u00e7\u00e3o, divulga\u00e7\u00e3o ou destrui\u00e7\u00e3o de suas informa\u00e7\u00f5es pessoais, nome de usu\u00e1rio, senha, informa\u00e7\u00f5es de transa\u00e7\u00f5es e dados armazenados em nosso Site.<\/p>\n<p><b>Compartilhando suas informa\u00e7\u00f5es pessoais<\/b><\/p>\n<p>N\u00e3o vendemos, comercializamos ou alugamos informa\u00e7\u00f5es de identifica\u00e7\u00e3o pessoal dos Usu\u00e1rios a terceiros. Poderemos compartilhar informa\u00e7\u00f5es demogr\u00e1ficas gen\u00e9ricas agregadas, n\u00e3o vinculadas a quaisquer informa\u00e7\u00f5es de identifica\u00e7\u00e3o pessoal relativas a visitantes e usu\u00e1rios, com nossos parceiros de neg\u00f3cios, afiliados confi\u00e1veis \u200b\u200be anunciantes para os fins descritos acima.<\/p>\n<p><b>Altera\u00e7\u00f5es nesta pol\u00edtica de privacidade<\/b><\/p>\n<p>O Casa Magic Orlando tem o direito de atualizar esta pol\u00edtica de privacidade a qualquer momento. Quando o fizermos, revisaremos a data atualizada na parte inferior desta p\u00e1gina. Encorajamos os usu\u00e1rios a verificar frequentemente esta p\u00e1gina para verificar quaisquer altera\u00e7\u00f5es, para se manterem informados sobre como estamos ajudando a proteger as informa\u00e7\u00f5es pessoais que coletamos. Voc\u00ea reconhece e concorda que \u00e9 sua responsabilidade revisar esta pol\u00edtica de privacidade periodicamente e tomar conhecimento de modifica\u00e7\u00f5es.<\/p>\n<p><b>Sua aceita\u00e7\u00e3o destes termos<\/b><\/p>\n<p>Ao utilizar este Site, voc\u00ea expressa sua aceita\u00e7\u00e3o desta pol\u00edtica. Se voc\u00ea n\u00e3o concorda com esta pol\u00edtica, n\u00e3o use nosso Site. O uso continuado do Site ap\u00f3s a publica\u00e7\u00e3o de altera\u00e7\u00f5es nesta pol\u00edtica ser\u00e1 considerado como sua aceita\u00e7\u00e3o dessas altera\u00e7\u00f5es.<\/p>\n","protected":false},"excerpt":{"rendered":"<p>Esta Pol\u00edtica de Privacidade rege a maneira pela qual o Casa Magic Orlando coleta, usa, mant\u00e9m e divulga informa\u00e7\u00f5es coletadas de usu\u00e1rios (cada um, um \u201cUsu\u00e1rio\u201d) do site http:\/\/wprentals.org\/ (\u201cSite\u201d). Esta pol\u00edtica de privacidade se aplica ao Site e a todos os produtos e servi\u00e7os oferecidos pelo Casa Magic Orlando. Informa\u00e7\u00f5es de identifica\u00e7\u00e3o pessoal Podemos &#8230;<\/p>\n","protected":false},"author":1,"featured_media":0,"parent":0,"menu_order":0,"comment_status":"closed","ping_status":"closed","template":"terms_conditions.php","meta":{"inline_featured_image":false,"_themeisle_gutenberg_block_has_review":false,"footnotes":""},"class_list":["post-37834","page","type-page","status-publish","hentry"],"yoast_head":"<!-- This site is optimized with the Yoast SEO plugin v23.3 - https:\/\/yoast.com\/wordpress\/plugins\/seo\/ -->\n<title>Termos e Condi\u00e7\u00f5es - casamagicorlando.com<\/title>\n<meta name=\"robots\" content=\"index, follow, max-snippet:-1, max-image-preview:large, max-video-preview:-1\" \/>\n<link rel=\"canonical\" href=\"http:\/\/3.212.241.210\/pt-br\/termos-e-condicoes\/\" \/>\n<meta property=\"og:locale\" content=\"pt_BR\" \/>\n<meta property=\"og:type\" content=\"article\" \/>\n<meta property=\"og:title\" content=\"Termos e Condi\u00e7\u00f5es - casamagicorlando.com\" \/>\n<meta property=\"og:description\" content=\"Esta Pol\u00edtica de Privacidade rege a maneira pela qual o Casa Magic Orlando coleta, usa, mant\u00e9m e divulga informa\u00e7\u00f5es coletadas de usu\u00e1rios (cada um, um \u201cUsu\u00e1rio\u201d) do site http:\/\/wprentals.org\/ (\u201cSite\u201d). Esta pol\u00edtica de privacidade se aplica ao Site e a todos os produtos e servi\u00e7os oferecidos pelo Casa Magic Orlando. Informa\u00e7\u00f5es de identifica\u00e7\u00e3o pessoal Podemos ...\" \/>\n<meta property=\"og:url\" content=\"http:\/\/3.212.241.210\/pt-br\/termos-e-condicoes\/\" \/>\n<meta property=\"og:site_name\" content=\"casamagicorlando.com\" \/>\n<meta name=\"twitter:card\" content=\"summary_large_image\" \/>\n<meta name=\"twitter:label1\" content=\"Est. tempo de leitura\" \/>\n\t<meta name=\"twitter:data1\" content=\"3 minutos\" \/>\n<script type=\"application\/ld+json\" class=\"yoast-schema-graph\">{\"@context\":\"https:\/\/schema.org\",\"@graph\":[{\"@type\":\"WebPage\",\"@id\":\"http:\/\/3.212.241.210\/pt-br\/termos-e-condicoes\/\",\"url\":\"http:\/\/3.212.241.210\/pt-br\/termos-e-condicoes\/\",\"name\":\"Termos e Condi\u00e7\u00f5es - casamagicorlando.com\",\"isPartOf\":{\"@id\":\"http:\/\/3.212.241.210\/#website\"},\"datePublished\":\"2015-04-23T15:57:21+00:00\",\"dateModified\":\"2015-04-23T15:57:21+00:00\",\"breadcrumb\":{\"@id\":\"http:\/\/3.212.241.210\/pt-br\/termos-e-condicoes\/#breadcrumb\"},\"inLanguage\":\"pt-BR\",\"potentialAction\":[{\"@type\":\"ReadAction\",\"target\":[\"http:\/\/3.212.241.210\/pt-br\/termos-e-condicoes\/\"]}]},{\"@type\":\"BreadcrumbList\",\"@id\":\"http:\/\/3.212.241.210\/pt-br\/termos-e-condicoes\/#breadcrumb\",\"itemListElement\":[{\"@type\":\"ListItem\",\"position\":1,\"name\":\"Home\",\"item\":\"https:\/\/casamagicorlando.com\/pt-br\/\"},{\"@type\":\"ListItem\",\"position\":2,\"name\":\"Termos e Condi\u00e7\u00f5es\"}]},{\"@type\":\"WebSite\",\"@id\":\"http:\/\/3.212.241.210\/#website\",\"url\":\"http:\/\/3.212.241.210\/\",\"name\":\"casamagicorlando.com\",\"description\":\"\",\"publisher\":{\"@id\":\"http:\/\/3.212.241.210\/#organization\"},\"potentialAction\":[{\"@type\":\"SearchAction\",\"target\":{\"@type\":\"EntryPoint\",\"urlTemplate\":\"http:\/\/3.212.241.210\/?s={search_term_string}\"},\"query-input\":\"required name=search_term_string\"}],\"inLanguage\":\"pt-BR\"},{\"@type\":\"Organization\",\"@id\":\"http:\/\/3.212.241.210\/#organization\",\"name\":\"casamagicorlando.com\",\"url\":\"http:\/\/3.212.241.210\/\",\"logo\":{\"@type\":\"ImageObject\",\"inLanguage\":\"pt-BR\",\"@id\":\"http:\/\/3.212.241.210\/#\/schema\/logo\/image\/\",\"url\":\"http:\/\/3.212.241.210\/wp-content\/uploads\/2024\/05\/logo-menu.fw_-1.png\",\"contentUrl\":\"http:\/\/3.212.241.210\/wp-content\/uploads\/2024\/05\/logo-menu.fw_-1.png\",\"width\":200,\"height\":50,\"caption\":\"casamagicorlando.com\"},\"image\":{\"@id\":\"http:\/\/3.212.241.210\/#\/schema\/logo\/image\/\"}}]}<\/script>\n<!-- \/ Yoast SEO plugin. -->","yoast_head_json":{"title":"Termos e Condi\u00e7\u00f5es - casamagicorlando.com","robots":{"index":"index","follow":"follow","max-snippet":"max-snippet:-1","max-image-preview":"max-image-preview:large","max-video-preview":"max-video-preview:-1"},"canonical":"http:\/\/3.212.241.210\/pt-br\/termos-e-condicoes\/","og_locale":"pt_BR","og_type":"article","og_title":"Termos e Condi\u00e7\u00f5es - casamagicorlando.com","og_description":"Esta Pol\u00edtica de Privacidade rege a maneira pela qual o Casa Magic Orlando coleta, usa, mant\u00e9m e divulga informa\u00e7\u00f5es coletadas de usu\u00e1rios (cada um, um \u201cUsu\u00e1rio\u201d) do site http:\/\/wprentals.org\/ (\u201cSite\u201d). Esta pol\u00edtica de privacidade se aplica ao Site e a todos os produtos e servi\u00e7os oferecidos pelo Casa Magic Orlando. Informa\u00e7\u00f5es de identifica\u00e7\u00e3o pessoal Podemos ...","og_url":"http:\/\/3.212.241.210\/pt-br\/termos-e-condicoes\/","og_site_name":"casamagicorlando.com","twitter_card":"summary_large_image","twitter_misc":{"Est. tempo de leitura":"3 minutos"},"schema":{"@context":"https:\/\/schema.org","@graph":[{"@type":"WebPage","@id":"http:\/\/3.212.241.210\/pt-br\/termos-e-condicoes\/","url":"http:\/\/3.212.241.210\/pt-br\/termos-e-condicoes\/","name":"Termos e Condi\u00e7\u00f5es - casamagicorlando.com","isPartOf":{"@id":"http:\/\/3.212.241.210\/#website"},"datePublished":"2015-04-23T15:57:21+00:00","dateModified":"2015-04-23T15:57:21+00:00","breadcrumb":{"@id":"http:\/\/3.212.241.210\/pt-br\/termos-e-condicoes\/#breadcrumb"},"inLanguage":"pt-BR","potentialAction":[{"@type":"ReadAction","target":["http:\/\/3.212.241.210\/pt-br\/termos-e-condicoes\/"]}]},{"@type":"BreadcrumbList","@id":"http:\/\/3.212.241.210\/pt-br\/termos-e-condicoes\/#breadcrumb","itemListElement":[{"@type":"ListItem","position":1,"name":"Home","item":"https:\/\/casamagicorlando.com\/pt-br\/"},{"@type":"ListItem","position":2,"name":"Termos e Condi\u00e7\u00f5es"}]},{"@type":"WebSite","@id":"http:\/\/3.212.241.210\/#website","url":"http:\/\/3.212.241.210\/","name":"casamagicorlando.com","description":"","publisher":{"@id":"http:\/\/3.212.241.210\/#organization"},"potentialAction":[{"@type":"SearchAction","target":{"@type":"EntryPoint","urlTemplate":"http:\/\/3.212.241.210\/?s={search_term_string}"},"query-input":"required name=search_term_string"}],"inLanguage":"pt-BR"},{"@type":"Organization","@id":"http:\/\/3.212.241.210\/#organization","name":"casamagicorlando.com","url":"http:\/\/3.212.241.210\/","logo":{"@type":"ImageObject","inLanguage":"pt-BR","@id":"http:\/\/3.212.241.210\/#\/schema\/logo\/image\/","url":"http:\/\/3.212.241.210\/wp-content\/uploads\/2024\/05\/logo-menu.fw_-1.png","contentUrl":"http:\/\/3.212.241.210\/wp-content\/uploads\/2024\/05\/logo-menu.fw_-1.png","width":200,"height":50,"caption":"casamagicorlando.com"},"image":{"@id":"http:\/\/3.212.241.210\/#\/schema\/logo\/image\/"}}]}},"_links":{"self":[{"href":"http:\/\/3.212.241.210\/pt-br\/wp-json\/wp\/v2\/pages\/37834","targetHints":{"allow":["GET"]}}],"collection":[{"href":"http:\/\/3.212.241.210\/pt-br\/wp-json\/wp\/v2\/pages"}],"about":[{"href":"http:\/\/3.212.241.210\/pt-br\/wp-json\/wp\/v2\/types\/page"}],"author":[{"embeddable":true,"href":"http:\/\/3.212.241.210\/pt-br\/wp-json\/wp\/v2\/users\/1"}],"replies":[{"embeddable":true,"href":"http:\/\/3.212.241.210\/pt-br\/wp-json\/wp\/v2\/comments?post=37834"}],"version-history":[{"count":0,"href":"http:\/\/3.212.241.210\/pt-br\/wp-json\/wp\/v2\/pages\/37834\/revisions"}],"wp:attachment":[{"href":"http:\/\/3.212.241.210\/pt-br\/wp-json\/wp\/v2\/media?parent=37834"}],"curies":[{"name":"wp","href":"https:\/\/api.w.org\/{rel}","templated":true}]}}